{"id":3829,"date":"2024-07-08T11:22:42","date_gmt":"2024-07-08T11:22:42","guid":{"rendered":"https:\/\/villadeluxegrandemotte.com\/?page_id=3829"},"modified":"2026-04-16T11:47:41","modified_gmt":"2026-04-16T11:47:41","slug":"notre-histoire-villa-luxe-grande-motte","status":"publish","type":"page","link":"https:\/\/villadeluxegrandemotte.com\/en\/notre-histoire-villa-luxe-grande-motte\/","title":{"rendered":"Our Story"},"content":{"rendered":"<h3 class=\"wp-block-heading\">Luxury Villa rental in La Grande-Motte near Montpellier<\/h3>\n\n\n\n<p class=\"\">Located in La Grande-Motte, near Montpellier, our luxury villa accommodates up to 8 people in 4 bedrooms. It features a private indoor pool and breathtaking views of the golf course. This prestigious property is ideal for a holiday with family or friends in the South of France.<\/p>\n\n\n\n<div class=\"wp-block-columns is-layout-flex wp-container-core-columns-is-layout-9d6595d7 wp-block-columns-is-layout-flex\">\n<div class=\"wp-block-column is-layout-flow wp-block-column-is-layout-flow\" style=\"flex-basis:33.33%\">\n<figure class=\"histoire-img wp-block-image size-large is-resized\"><img data-recalc-dims=\"1\" loading=\"lazy\" decoding=\"async\" width=\"683\" height=\"1024\" src=\"https:\/\/i0.wp.com\/villadeluxegrandemotte.com\/wp-content\/uploads\/2024\/07\/d5de2da1-bc5e-49ff-97d0-c9ffac240115.webp?resize=683%2C1024&#038;ssl=1\" alt=\"Vue depuis la terrasse ombrag\u00e9e sur le golf \u00e0 La Grande Motte\" class=\"wp-image-3787\" style=\"width:355px;height:auto\" srcset=\"https:\/\/i0.wp.com\/villadeluxegrandemotte.com\/wp-content\/uploads\/2024\/07\/d5de2da1-bc5e-49ff-97d0-c9ffac240115.webp?resize=683%2C1024&amp;ssl=1 683w, https:\/\/i0.wp.com\/villadeluxegrandemotte.com\/wp-content\/uploads\/2024\/07\/d5de2da1-bc5e-49ff-97d0-c9ffac240115.webp?resize=200%2C300&amp;ssl=1 200w, https:\/\/i0.wp.com\/villadeluxegrandemotte.com\/wp-content\/uploads\/2024\/07\/d5de2da1-bc5e-49ff-97d0-c9ffac240115.webp?resize=768%2C1151&amp;ssl=1 768w, https:\/\/i0.wp.com\/villadeluxegrandemotte.com\/wp-content\/uploads\/2024\/07\/d5de2da1-bc5e-49ff-97d0-c9ffac240115.webp?resize=1025%2C1536&amp;ssl=1 1025w, https:\/\/i0.wp.com\/villadeluxegrandemotte.com\/wp-content\/uploads\/2024\/07\/d5de2da1-bc5e-49ff-97d0-c9ffac240115.webp?resize=1367%2C2048&amp;ssl=1 1367w, https:\/\/i0.wp.com\/villadeluxegrandemotte.com\/wp-content\/uploads\/2024\/07\/d5de2da1-bc5e-49ff-97d0-c9ffac240115.webp?w=1440&amp;ssl=1 1440w\" sizes=\"auto, (max-width: 683px) 100vw, 683px\" \/><\/figure>\n<\/div>\n\n\n\n<div class=\"wp-block-column is-layout-flow wp-block-column-is-layout-flow\" style=\"flex-basis:66.66%\">\n<h3 class=\"wp-block-heading\"><strong>Discover a haven of peace in La Grande-Motte<\/strong><\/h3>\n\n\n\n<p class=\"\">Just 20 minutes from Montpellier, our luxury villa in La Grande-Motte invites you to experience an exceptional stay. Imagine yourself on the ground floor of a modern and elegant villa, fully renovated, where every detail has been designed to offer comfort and serenity. With its 4 spacious bedrooms, it can accommodate up to 8 people. It\u2019s an ideal rental for two families or a group of friends.<\/p>\n\n\n\n<h3 class=\"wp-block-heading\"><strong>A unique and bright place<\/strong><\/h3>\n\n\n\n<p class=\"\">Upon your arrival, you will be immediately charmed by the brightness and space offered by the large living area. The wide glass doors let in abundant natural light, creating a warm and soothing atmosphere. The interior is beautifully furnished with a naturally temperature-controlled indoor pool, perfect for relaxing after a day of golf or beach outings.<\/p>\n\n\n\n<h3 class=\"wp-block-heading\"><strong>A garden in harmony with nature<\/strong><\/h3>\n\n\n\n<p class=\"\">The garden, with its stunning view of the golf course and a small pond, is a true haven of greenery. You can observe a variety of wildlife there. Rabbits, ducks, turtles, flamingos, and swans are often present. It is a place where nature is omnipresent, offering you an exceptional living environment.<\/p>\n<\/div>\n<\/div>\n\n\n\n<div class=\"wp-block-columns is-layout-flex wp-container-core-columns-is-layout-9d6595d7 wp-block-columns-is-layout-flex\">\n<div class=\"wp-block-column is-layout-flow wp-block-column-is-layout-flow\" style=\"flex-basis:66.66%\">\n<h3 class=\"wp-block-heading\"><strong>Proximity and tranquility<\/strong><\/h3>\n\n\n\n<p class=\"\">Located just 10 minutes by bike from sandy beaches, the house allows you to enjoy the best of both worlds. It combines the tranquility of a natural retreat with the liveliness of a seaside promenade. Whether you are a golf enthusiast, a nature lover, or simply seeking peace and comfort, this villa will meet all your expectations.<\/p>\n\n\n\n<h3 class=\"wp-block-heading\"><strong>Dream vacation at the La Grande-Motte golf course<\/strong><\/h3>\n\n\n\n<p class=\"\">Just minutes from the villa, the prestigious Golf de La Grande Motte awaits you for relaxing moments on its elegant courses. This allows you to fully enjoy your golf days without the hassle of a long drive. To book your tee time or get more information, contact Golf de La Grande Motte at <a href=\"tel:+33467564466\">+33 4 67 56 44 66<\/a> or visit their website:<\/p>\n\n\n\n<div class=\"wp-block-buttons is-content-justification-center is-layout-flex wp-container-core-buttons-is-layout-16018d1d wp-block-buttons-is-layout-flex\">\n<div class=\"nfd-btn-xl  wp-block-button\"><a class=\"wp-block-button__link wp-element-button\" href=\"http:\/\/www.golflagrandemotte.com\/\" target=\"_blank\" rel=\"noreferrer noopener\">La Grande-Motte golf course<\/a><\/div>\n<\/div>\n<\/div>\n\n\n\n<div class=\"wp-block-column is-layout-flow wp-block-column-is-layout-flow\" style=\"flex-basis:33.33%\">\n<figure class=\"histoire-img wp-block-image size-large\"><img data-recalc-dims=\"1\" loading=\"lazy\" decoding=\"async\" width=\"1024\" height=\"683\" src=\"https:\/\/i0.wp.com\/villadeluxegrandemotte.com\/wp-content\/uploads\/2024\/07\/01ff6862-9b65-480d-88c2-fe8ce788dd5e.webp?resize=1024%2C683&#038;ssl=1\" alt=\"Jardin verdoyant avec vue sur le parcours de golf de la Grande Motte\" class=\"wp-image-3754\" srcset=\"https:\/\/i0.wp.com\/villadeluxegrandemotte.com\/wp-content\/uploads\/2024\/07\/01ff6862-9b65-480d-88c2-fe8ce788dd5e.webp?resize=1024%2C683&amp;ssl=1 1024w, https:\/\/i0.wp.com\/villadeluxegrandemotte.com\/wp-content\/uploads\/2024\/07\/01ff6862-9b65-480d-88c2-fe8ce788dd5e.webp?resize=300%2C200&amp;ssl=1 300w, https:\/\/i0.wp.com\/villadeluxegrandemotte.com\/wp-content\/uploads\/2024\/07\/01ff6862-9b65-480d-88c2-fe8ce788dd5e.webp?resize=768%2C513&amp;ssl=1 768w, https:\/\/i0.wp.com\/villadeluxegrandemotte.com\/wp-content\/uploads\/2024\/07\/01ff6862-9b65-480d-88c2-fe8ce788dd5e.webp?w=1440&amp;ssl=1 1440w\" sizes=\"auto, (max-width: 1000px) 100vw, 1000px\" \/><\/figure>\n<\/div>\n<\/div>\n\n\n\n<h3 class=\"wp-block-heading\"><strong>An unforgettable luxury experience<\/strong><\/h3>\n\n\n\n<p class=\"\">By choosing this villa in La Grande-Motte, you are opting for an unforgettable luxury experience. Each morning, wake up with natural light flooding your room. Let yourself be lulled by the sounds of the surrounding nature. Enjoy the modern, fully equipped kitchen to prepare gourmet meals that you can savor outdoors, in the lush garden.<\/p>\n\n\n\n<div class=\"nfd-container cta-resa alignfull wp-block-group\"><div class=\"wp-block-group__inner-container is-layout-constrained wp-block-group-is-layout-constrained\">\n<div class=\"nfd-overflow-hidden nfd-bg-surface nfd-theme-darker is-style-nfd-theme-darker wp-block-group\"><div class=\"wp-block-group__inner-container is-layout-constrained wp-block-group-is-layout-constrained\">\n<div class=\"nfd-p-0 cta-cover wp-block-cover is-light\" style=\"min-height:100px;aspect-ratio:unset;\"><img data-recalc-dims=\"1\" loading=\"lazy\" decoding=\"async\" width=\"1440\" height=\"961\" class=\"wp-block-cover__image-background wp-image-3790\" alt=\"Vue panoramique ext\u00e9rieure sur le golf depuis la villa de luxe \u00e0 La Grande Motte\" src=\"https:\/\/i0.wp.com\/villadeluxegrandemotte.com\/wp-content\/uploads\/2024\/07\/d61564c2-a6bb-4c28-b565-8d356151bdc9.webp?resize=1440%2C961&#038;ssl=1\" style=\"object-position:50% 64%\" data-object-fit=\"cover\" data-object-position=\"50% 64%\" srcset=\"https:\/\/i0.wp.com\/villadeluxegrandemotte.com\/wp-content\/uploads\/2024\/07\/d61564c2-a6bb-4c28-b565-8d356151bdc9.webp?w=1440&amp;ssl=1 1440w, https:\/\/i0.wp.com\/villadeluxegrandemotte.com\/wp-content\/uploads\/2024\/07\/d61564c2-a6bb-4c28-b565-8d356151bdc9.webp?resize=300%2C200&amp;ssl=1 300w, https:\/\/i0.wp.com\/villadeluxegrandemotte.com\/wp-content\/uploads\/2024\/07\/d61564c2-a6bb-4c28-b565-8d356151bdc9.webp?resize=1024%2C683&amp;ssl=1 1024w, https:\/\/i0.wp.com\/villadeluxegrandemotte.com\/wp-content\/uploads\/2024\/07\/d61564c2-a6bb-4c28-b565-8d356151bdc9.webp?resize=768%2C513&amp;ssl=1 768w\" sizes=\"auto, (max-width: 1000px) 100vw, 1000px\" \/><span aria-hidden=\"true\" class=\"wp-block-cover__background has-background-dim\" style=\"background-color:#8e9988\"><\/span><div class=\"wp-block-cover__inner-container is-layout-constrained wp-block-cover-is-layout-constrained\">\n<div class=\"nfd-gap-xl nfd-p-card-lg wp-block-group\"><div class=\"wp-block-group__inner-container is-layout-constrained wp-block-group-is-layout-constrained\">\n<div class=\"nfd-gap-xl locationbannertext wp-block-group is-vertical is-layout-flex wp-container-core-group-is-layout-8cf370e7 wp-block-group-is-layout-flex\">\n<h2 class=\"nfd-text-lg nfd-text-contrast nfd-text-balance wp-block-heading\">The luxury villa in La Grande-Motte can be booked online or directly with us. Use the contact form to get in touch now!<\/h2>\n<\/div>\n\n\n\n<div class=\"nfd-text-md platformButtons wp-block-buttons is-content-justification-center is-layout-flex wp-container-core-buttons-is-layout-16018d1d wp-block-buttons-is-layout-flex\">\n<div class=\"nfd-btn-xl  wp-block-button\"><a class=\"wp-block-button__link wp-element-button\" href=\"https:\/\/www.airbnb.fr\/rooms\/1116565076611800322\" target=\"_blank\" rel=\"noreferrer noopener\">Airbnb<\/a><\/div>\n\n\n\n<div class=\"nfd-btn-xl  wp-block-button\"><a class=\"wp-block-button__link wp-element-button\" href=\"https:\/\/www.booking.com\/hotel\/fr\/villa-de-luxe-dans-le-golf-de-la-grande-motte-avec-piscine-privee.fr.html\" target=\"_blank\" rel=\"noreferrer noopener\">Booking.com<\/a><\/div>\n<\/div>\n<\/div><\/div>\n<\/div><\/div>\n<\/div><\/div>\n<\/div><\/div>","protected":false},"excerpt":{"rendered":"<p>Location de villa de luxe \u00e0 La Grande-Motte pr\u00e8s de Montpellier Cette villa de luxe situ\u00e9e \u00e0 La Grande-Motte, \u00e0 proximit\u00e9 de Montpellier. Elle propose une exp\u00e9rience haut de gamme&hellip;<\/p>","protected":false},"author":1,"featured_media":0,"parent":0,"menu_order":0,"comment_status":"closed","ping_status":"closed","template":"","meta":{"nf_dc_page":"","_monsterinsights_skip_tracking":false,"_monsterinsights_sitenote_active":false,"_monsterinsights_sitenote_note":"","_monsterinsights_sitenote_category":0,"footnotes":""},"class_list":["post-3829","page","type-page","status-publish","hentry"],"yoast_head":"<!-- This site is optimized with the Yoast SEO plugin v27.4 - https:\/\/yoast.com\/product\/yoast-seo-wordpress\/ -->\n<title>Notre Histoire - Villa de Luxe \u00e0 La Grande-Motte<\/title>\n<meta name=\"description\" content=\"D\u00e9couvrez l&#039;histoire de notre villa de luxe \u00e0 La Grande-Motte et explorez notre galerie photo. Un lieu id\u00e9al pour des vacances de r\u00eave.\" \/>\n<meta name=\"robots\" content=\"index, follow, max-snippet:-1, max-image-preview:large, max-video-preview:-1\" \/>\n<link rel=\"canonical\" href=\"https:\/\/villadeluxegrandemotte.com\/en\/notre-histoire-villa-luxe-grande-motte\/\" \/>\n<meta property=\"og:locale\" content=\"en_US\" \/>\n<meta property=\"og:type\" content=\"article\" \/>\n<meta property=\"og:title\" content=\"Notre Histoire - Villa de Luxe \u00e0 La Grande-Motte\" \/>\n<meta property=\"og:description\" content=\"D\u00e9couvrez l&#039;histoire de notre villa de luxe \u00e0 La Grande-Motte et explorez notre galerie photo. Un lieu id\u00e9al pour des vacances de r\u00eave.\" \/>\n<meta property=\"og:url\" content=\"https:\/\/villadeluxegrandemotte.com\/en\/notre-histoire-villa-luxe-grande-motte\/\" \/>\n<meta property=\"og:site_name\" content=\"Villa de Luxe \u00e0 La Grande-Motte\" \/>\n<meta property=\"article:modified_time\" content=\"2026-04-16T11:47:41+00:00\" \/>\n<meta property=\"og:image\" content=\"https:\/\/villadeluxegrandemotte.com\/wp-content\/uploads\/2024\/07\/d5de2da1-bc5e-49ff-97d0-c9ffac240115-683x1024.webp\" \/>\n<meta name=\"twitter:card\" content=\"summary_large_image\" \/>\n<meta name=\"twitter:label1\" content=\"Est. reading time\" \/>\n\t<meta name=\"twitter:data1\" content=\"3 minutes\" \/>\n<script type=\"application\/ld+json\" class=\"yoast-schema-graph\">{\"@context\":\"https:\\\/\\\/schema.org\",\"@graph\":[{\"@type\":\"WebPage\",\"@id\":\"https:\\\/\\\/villadeluxegrandemotte.com\\\/notre-histoire-villa-luxe-grande-motte\\\/\",\"url\":\"https:\\\/\\\/villadeluxegrandemotte.com\\\/notre-histoire-villa-luxe-grande-motte\\\/\",\"name\":\"Notre Histoire - Villa de Luxe \u00e0 La Grande-Motte\",\"isPartOf\":{\"@id\":\"https:\\\/\\\/bby.rbb.mybluehost.me\\\/#website\"},\"primaryImageOfPage\":{\"@id\":\"https:\\\/\\\/villadeluxegrandemotte.com\\\/notre-histoire-villa-luxe-grande-motte\\\/#primaryimage\"},\"image\":{\"@id\":\"https:\\\/\\\/villadeluxegrandemotte.com\\\/notre-histoire-villa-luxe-grande-motte\\\/#primaryimage\"},\"thumbnailUrl\":\"https:\\\/\\\/villadeluxegrandemotte.com\\\/wp-content\\\/uploads\\\/2024\\\/07\\\/d5de2da1-bc5e-49ff-97d0-c9ffac240115-683x1024.webp\",\"datePublished\":\"2024-07-08T11:22:42+00:00\",\"dateModified\":\"2026-04-16T11:47:41+00:00\",\"description\":\"D\u00e9couvrez l'histoire de notre villa de luxe \u00e0 La Grande-Motte et explorez notre galerie photo. Un lieu id\u00e9al pour des vacances de r\u00eave.\",\"breadcrumb\":{\"@id\":\"https:\\\/\\\/villadeluxegrandemotte.com\\\/notre-histoire-villa-luxe-grande-motte\\\/#breadcrumb\"},\"inLanguage\":\"en-US\",\"potentialAction\":[{\"@type\":\"ReadAction\",\"target\":[\"https:\\\/\\\/villadeluxegrandemotte.com\\\/notre-histoire-villa-luxe-grande-motte\\\/\"]}]},{\"@type\":\"ImageObject\",\"inLanguage\":\"en-US\",\"@id\":\"https:\\\/\\\/villadeluxegrandemotte.com\\\/notre-histoire-villa-luxe-grande-motte\\\/#primaryimage\",\"url\":\"https:\\\/\\\/villadeluxegrandemotte.com\\\/wp-content\\\/uploads\\\/2024\\\/07\\\/d5de2da1-bc5e-49ff-97d0-c9ffac240115-683x1024.webp\",\"contentUrl\":\"https:\\\/\\\/villadeluxegrandemotte.com\\\/wp-content\\\/uploads\\\/2024\\\/07\\\/d5de2da1-bc5e-49ff-97d0-c9ffac240115-683x1024.webp\"},{\"@type\":\"BreadcrumbList\",\"@id\":\"https:\\\/\\\/villadeluxegrandemotte.com\\\/notre-histoire-villa-luxe-grande-motte\\\/#breadcrumb\",\"itemListElement\":[{\"@type\":\"ListItem\",\"position\":1,\"name\":\"Home\",\"item\":\"https:\\\/\\\/villadeluxegrandemotte.com\\\/\"},{\"@type\":\"ListItem\",\"position\":2,\"name\":\"Notre Histoire\"}]},{\"@type\":\"WebSite\",\"@id\":\"https:\\\/\\\/bby.rbb.mybluehost.me\\\/#website\",\"url\":\"https:\\\/\\\/bby.rbb.mybluehost.me\\\/\",\"name\":\"Villa de Luxe \u00e0 La Grande-Motte\",\"description\":\"\",\"publisher\":{\"@id\":\"https:\\\/\\\/bby.rbb.mybluehost.me\\\/#organization\"},\"potentialAction\":[{\"@type\":\"SearchAction\",\"target\":{\"@type\":\"EntryPoint\",\"urlTemplate\":\"https:\\\/\\\/bby.rbb.mybluehost.me\\\/?s={search_term_string}\"},\"query-input\":{\"@type\":\"PropertyValueSpecification\",\"valueRequired\":true,\"valueName\":\"search_term_string\"}}],\"inLanguage\":\"en-US\"},{\"@type\":\"Organization\",\"@id\":\"https:\\\/\\\/bby.rbb.mybluehost.me\\\/#organization\",\"name\":\"Villa de Luxe \u00e0 La Grande-Motte\",\"url\":\"https:\\\/\\\/bby.rbb.mybluehost.me\\\/\",\"logo\":{\"@type\":\"ImageObject\",\"inLanguage\":\"en-US\",\"@id\":\"https:\\\/\\\/bby.rbb.mybluehost.me\\\/#\\\/schema\\\/logo\\\/image\\\/\",\"url\":\"https:\\\/\\\/i0.wp.com\\\/villadeluxegrandemotte.com\\\/wp-content\\\/uploads\\\/2024\\\/07\\\/cropped-SiteLogo.jpg?fit=531%2C137&ssl=1\",\"contentUrl\":\"https:\\\/\\\/i0.wp.com\\\/villadeluxegrandemotte.com\\\/wp-content\\\/uploads\\\/2024\\\/07\\\/cropped-SiteLogo.jpg?fit=531%2C137&ssl=1\",\"width\":531,\"height\":137,\"caption\":\"Villa de Luxe \u00e0 La Grande-Motte\"},\"image\":{\"@id\":\"https:\\\/\\\/bby.rbb.mybluehost.me\\\/#\\\/schema\\\/logo\\\/image\\\/\"}}]}<\/script>\n<!-- \/ Yoast SEO plugin. -->","yoast_head_json":{"title":"Notre Histoire - Villa de Luxe \u00e0 La Grande-Motte","description":"D\u00e9couvrez l'histoire de notre villa de luxe \u00e0 La Grande-Motte et explorez notre galerie photo. Un lieu id\u00e9al pour des vacances de r\u00eave.","robots":{"index":"index","follow":"follow","max-snippet":"max-snippet:-1","max-image-preview":"max-image-preview:large","max-video-preview":"max-video-preview:-1"},"canonical":"https:\/\/villadeluxegrandemotte.com\/en\/notre-histoire-villa-luxe-grande-motte\/","og_locale":"en_US","og_type":"article","og_title":"Notre Histoire - Villa de Luxe \u00e0 La Grande-Motte","og_description":"D\u00e9couvrez l'histoire de notre villa de luxe \u00e0 La Grande-Motte et explorez notre galerie photo. Un lieu id\u00e9al pour des vacances de r\u00eave.","og_url":"https:\/\/villadeluxegrandemotte.com\/en\/notre-histoire-villa-luxe-grande-motte\/","og_site_name":"Villa de Luxe \u00e0 La Grande-Motte","article_modified_time":"2026-04-16T11:47:41+00:00","og_image":[{"url":"https:\/\/villadeluxegrandemotte.com\/wp-content\/uploads\/2024\/07\/d5de2da1-bc5e-49ff-97d0-c9ffac240115-683x1024.webp","type":"","width":"","height":""}],"twitter_card":"summary_large_image","twitter_misc":{"Est. reading time":"3 minutes"},"schema":{"@context":"https:\/\/schema.org","@graph":[{"@type":"WebPage","@id":"https:\/\/villadeluxegrandemotte.com\/notre-histoire-villa-luxe-grande-motte\/","url":"https:\/\/villadeluxegrandemotte.com\/notre-histoire-villa-luxe-grande-motte\/","name":"Notre Histoire - Villa de Luxe \u00e0 La Grande-Motte","isPartOf":{"@id":"https:\/\/bby.rbb.mybluehost.me\/#website"},"primaryImageOfPage":{"@id":"https:\/\/villadeluxegrandemotte.com\/notre-histoire-villa-luxe-grande-motte\/#primaryimage"},"image":{"@id":"https:\/\/villadeluxegrandemotte.com\/notre-histoire-villa-luxe-grande-motte\/#primaryimage"},"thumbnailUrl":"https:\/\/villadeluxegrandemotte.com\/wp-content\/uploads\/2024\/07\/d5de2da1-bc5e-49ff-97d0-c9ffac240115-683x1024.webp","datePublished":"2024-07-08T11:22:42+00:00","dateModified":"2026-04-16T11:47:41+00:00","description":"D\u00e9couvrez l'histoire de notre villa de luxe \u00e0 La Grande-Motte et explorez notre galerie photo. Un lieu id\u00e9al pour des vacances de r\u00eave.","breadcrumb":{"@id":"https:\/\/villadeluxegrandemotte.com\/notre-histoire-villa-luxe-grande-motte\/#breadcrumb"},"inLanguage":"en-US","potentialAction":[{"@type":"ReadAction","target":["https:\/\/villadeluxegrandemotte.com\/notre-histoire-villa-luxe-grande-motte\/"]}]},{"@type":"ImageObject","inLanguage":"en-US","@id":"https:\/\/villadeluxegrandemotte.com\/notre-histoire-villa-luxe-grande-motte\/#primaryimage","url":"https:\/\/villadeluxegrandemotte.com\/wp-content\/uploads\/2024\/07\/d5de2da1-bc5e-49ff-97d0-c9ffac240115-683x1024.webp","contentUrl":"https:\/\/villadeluxegrandemotte.com\/wp-content\/uploads\/2024\/07\/d5de2da1-bc5e-49ff-97d0-c9ffac240115-683x1024.webp"},{"@type":"BreadcrumbList","@id":"https:\/\/villadeluxegrandemotte.com\/notre-histoire-villa-luxe-grande-motte\/#breadcrumb","itemListElement":[{"@type":"ListItem","position":1,"name":"Home","item":"https:\/\/villadeluxegrandemotte.com\/"},{"@type":"ListItem","position":2,"name":"Notre Histoire"}]},{"@type":"WebSite","@id":"https:\/\/bby.rbb.mybluehost.me\/#website","url":"https:\/\/bby.rbb.mybluehost.me\/","name":"Villa de Luxe \u00e0 La Grande-Motte","description":"","publisher":{"@id":"https:\/\/bby.rbb.mybluehost.me\/#organization"},"potentialAction":[{"@type":"SearchAction","target":{"@type":"EntryPoint","urlTemplate":"https:\/\/bby.rbb.mybluehost.me\/?s={search_term_string}"},"query-input":{"@type":"PropertyValueSpecification","valueRequired":true,"valueName":"search_term_string"}}],"inLanguage":"en-US"},{"@type":"Organization","@id":"https:\/\/bby.rbb.mybluehost.me\/#organization","name":"Villa de Luxe \u00e0 La Grande-Motte","url":"https:\/\/bby.rbb.mybluehost.me\/","logo":{"@type":"ImageObject","inLanguage":"en-US","@id":"https:\/\/bby.rbb.mybluehost.me\/#\/schema\/logo\/image\/","url":"https:\/\/i0.wp.com\/villadeluxegrandemotte.com\/wp-content\/uploads\/2024\/07\/cropped-SiteLogo.jpg?fit=531%2C137&ssl=1","contentUrl":"https:\/\/i0.wp.com\/villadeluxegrandemotte.com\/wp-content\/uploads\/2024\/07\/cropped-SiteLogo.jpg?fit=531%2C137&ssl=1","width":531,"height":137,"caption":"Villa de Luxe \u00e0 La Grande-Motte"},"image":{"@id":"https:\/\/bby.rbb.mybluehost.me\/#\/schema\/logo\/image\/"}}]}},"jetpack_sharing_enabled":true,"_links":{"self":[{"href":"https:\/\/villadeluxegrandemotte.com\/en\/wp-json\/wp\/v2\/pages\/3829","targetHints":{"allow":["GET"]}}],"collection":[{"href":"https:\/\/villadeluxegrandemotte.com\/en\/wp-json\/wp\/v2\/pages"}],"about":[{"href":"https:\/\/villadeluxegrandemotte.com\/en\/wp-json\/wp\/v2\/types\/page"}],"author":[{"embeddable":true,"href":"https:\/\/villadeluxegrandemotte.com\/en\/wp-json\/wp\/v2\/users\/1"}],"replies":[{"embeddable":true,"href":"https:\/\/villadeluxegrandemotte.com\/en\/wp-json\/wp\/v2\/comments?post=3829"}],"version-history":[{"count":12,"href":"https:\/\/villadeluxegrandemotte.com\/en\/wp-json\/wp\/v2\/pages\/3829\/revisions"}],"predecessor-version":[{"id":4295,"href":"https:\/\/villadeluxegrandemotte.com\/en\/wp-json\/wp\/v2\/pages\/3829\/revisions\/4295"}],"wp:attachment":[{"href":"https:\/\/villadeluxegrandemotte.com\/en\/wp-json\/wp\/v2\/media?parent=3829"}],"curies":[{"name":"wp","href":"https:\/\/api.w.org\/{rel}","templated":true}]}}